{"id":79,"date":"2020-05-02T08:38:41","date_gmt":"2020-05-02T07:38:41","guid":{"rendered":"https:\/\/www.dalmatien-online.de\/?page_id=79"},"modified":"2020-06-24T11:39:46","modified_gmt":"2020-06-24T10:39:46","slug":"bisevo","status":"publish","type":"page","link":"https:\/\/www.dalmatien-online.de\/en\/bisevo\/","title":{"rendered":"Bi\u0161evo"},"content":{"rendered":"<figure class=\"wp-block-image size-large\"><img loading=\"lazy\" decoding=\"async\" width=\"1024\" height=\"274\" src=\"https:\/\/www.dalmatien-online.de\/wp-content\/uploads\/2020\/06\/0-D-O-Bi\u0161evo-1024x274.jpg\" alt=\"\" class=\"wp-image-2983\" srcset=\"https:\/\/www.dalmatien-online.de\/wp-content\/uploads\/2020\/06\/0-D-O-Bi\u0161evo-1024x274.jpg 1024w, https:\/\/www.dalmatien-online.de\/wp-content\/uploads\/2020\/06\/0-D-O-Bi\u0161evo-300x80.jpg 300w, https:\/\/www.dalmatien-online.de\/wp-content\/uploads\/2020\/06\/0-D-O-Bi\u0161evo-768x206.jpg 768w, https:\/\/www.dalmatien-online.de\/wp-content\/uploads\/2020\/06\/0-D-O-Bi\u0161evo-1536x411.jpg 1536w, https:\/\/www.dalmatien-online.de\/wp-content\/uploads\/2020\/06\/0-D-O-Bi\u0161evo-250x67.jpg 250w, https:\/\/www.dalmatien-online.de\/wp-content\/uploads\/2020\/06\/0-D-O-Bi\u0161evo.jpg 2010w\" sizes=\"auto, (max-width: 1024px) 100vw, 1024px\" \/><figcaption>The small island of Bi\u0161evo is located almost 5 kilometers southwest of <strong><a rel=\"noreferrer noopener\" href=\"https:\/\/www.dalmatien-online.de\/en\/komiza\/\" target=\"_blank\">Komi\u017ea<\/a><\/strong> on <strong><a rel=\"noreferrer noopener\" href=\"https:\/\/www.dalmatien-online.de\/en\/vis-2\/\" target=\"_blank\">Vis island.<\/a><\/strong>. The sparsely populated island is especially known for the <strong><a rel=\"noreferrer noopener\" href=\"https:\/\/rentaboatkomiza.com\/speed-taxi-boat\/brzi-transfer-do-modre-spilje\/\" target=\"_blank\">\"Blue Cave\" (\"Modro \u0161pilja\")<\/a><\/strong>. The grotto is a popular destination because of its impressive lighting effects, which can be reached by transfer from Komi\u017ea, but also in Split, trips are offered there. There is normal passenger transfer to Bi\u0161evo from the port of Komi\u017ea.<\/figcaption><\/figure>\n\n\n\n<figure class=\"wp-block-image size-large is-resized\"><img loading=\"lazy\" decoding=\"async\" src=\"https:\/\/www.dalmatien-online.de\/wp-content\/uploads\/2020\/06\/76778257_1450242688465653_1872295210625531904_o-1024x685.jpg\" alt=\"\" class=\"wp-image-2640\" width=\"835\" height=\"558\" srcset=\"https:\/\/www.dalmatien-online.de\/wp-content\/uploads\/2020\/06\/76778257_1450242688465653_1872295210625531904_o-1024x685.jpg 1024w, https:\/\/www.dalmatien-online.de\/wp-content\/uploads\/2020\/06\/76778257_1450242688465653_1872295210625531904_o-300x201.jpg 300w, https:\/\/www.dalmatien-online.de\/wp-content\/uploads\/2020\/06\/76778257_1450242688465653_1872295210625531904_o-768x514.jpg 768w, https:\/\/www.dalmatien-online.de\/wp-content\/uploads\/2020\/06\/76778257_1450242688465653_1872295210625531904_o-250x167.jpg 250w, https:\/\/www.dalmatien-online.de\/wp-content\/uploads\/2020\/06\/76778257_1450242688465653_1872295210625531904_o-400x267.jpg 400w, https:\/\/www.dalmatien-online.de\/wp-content\/uploads\/2020\/06\/76778257_1450242688465653_1872295210625531904_o.jpg 1492w\" sizes=\"auto, (max-width: 835px) 100vw, 835px\" \/><figcaption>Above the view from Komi\u017ea towards Bi\u0161evo at sunset - below the view from the coast south of Komi\u017ea to the island.<\/figcaption><\/figure>\n\n\n\n<figure class=\"wp-block-image size-large\"><img loading=\"lazy\" decoding=\"async\" width=\"1024\" height=\"678\" src=\"https:\/\/www.dalmatien-online.de\/wp-content\/uploads\/2020\/06\/A-Bi\u0161evo-20-1-1024x678.jpg\" alt=\"\" class=\"wp-image-771\" srcset=\"https:\/\/www.dalmatien-online.de\/wp-content\/uploads\/2020\/06\/A-Bi\u0161evo-20-1-1024x678.jpg 1024w, https:\/\/www.dalmatien-online.de\/wp-content\/uploads\/2020\/06\/A-Bi\u0161evo-20-1-300x199.jpg 300w, https:\/\/www.dalmatien-online.de\/wp-content\/uploads\/2020\/06\/A-Bi\u0161evo-20-1-768x509.jpg 768w, https:\/\/www.dalmatien-online.de\/wp-content\/uploads\/2020\/06\/A-Bi\u0161evo-20-1-250x166.jpg 250w, https:\/\/www.dalmatien-online.de\/wp-content\/uploads\/2020\/06\/A-Bi\u0161evo-20-1.jpg 1528w\" sizes=\"auto, (max-width: 1024px) 100vw, 1024px\" \/><\/figure>\n\n\n\n\n\n<hr class=\"wp-block-separator\"\/>","protected":false},"excerpt":{"rendered":"","protected":false},"author":1,"featured_media":0,"parent":0,"menu_order":0,"comment_status":"closed","ping_status":"closed","template":"","meta":{"footnotes":"","_links_to":"","_links_to_target":""},"tags":[],"class_list":["post-79","page","type-page","status-publish","hentry"],"_links":{"self":[{"href":"https:\/\/www.dalmatien-online.de\/en\/wp-json\/wp\/v2\/pages\/79","targetHints":{"allow":["GET"]}}],"collection":[{"href":"https:\/\/www.dalmatien-online.de\/en\/wp-json\/wp\/v2\/pages"}],"about":[{"href":"https:\/\/www.dalmatien-online.de\/en\/wp-json\/wp\/v2\/types\/page"}],"author":[{"embeddable":true,"href":"https:\/\/www.dalmatien-online.de\/en\/wp-json\/wp\/v2\/users\/1"}],"replies":[{"embeddable":true,"href":"https:\/\/www.dalmatien-online.de\/en\/wp-json\/wp\/v2\/comments?post=79"}],"version-history":[{"count":14,"href":"https:\/\/www.dalmatien-online.de\/en\/wp-json\/wp\/v2\/pages\/79\/revisions"}],"predecessor-version":[{"id":2985,"href":"https:\/\/www.dalmatien-online.de\/en\/wp-json\/wp\/v2\/pages\/79\/revisions\/2985"}],"wp:attachment":[{"href":"https:\/\/www.dalmatien-online.de\/en\/wp-json\/wp\/v2\/media?parent=79"}],"wp:term":[{"taxonomy":"post_tag","embeddable":true,"href":"https:\/\/www.dalmatien-online.de\/en\/wp-json\/wp\/v2\/tags?post=79"}],"curies":[{"name":"wp","href":"https:\/\/api.w.org\/{rel}","templated":true}]}}