{"id":82,"date":"2020-05-02T08:42:26","date_gmt":"2020-05-02T07:42:26","guid":{"rendered":"https:\/\/www.dalmatien-online.de\/?page_id=82"},"modified":"2020-06-30T08:57:45","modified_gmt":"2020-06-30T07:57:45","slug":"brac","status":"publish","type":"page","link":"https:\/\/www.dalmatien-online.de\/en\/brac\/","title":{"rendered":"Bra\u010d"},"content":{"rendered":"<figure class=\"wp-block-image size-large\"><img loading=\"lazy\" decoding=\"async\" width=\"918\" height=\"207\" src=\"https:\/\/www.dalmatien-online.de\/wp-content\/uploads\/2020\/06\/0-Bra\u010d-D-O-t.jpg\" alt=\"\" class=\"wp-image-2874\" srcset=\"https:\/\/www.dalmatien-online.de\/wp-content\/uploads\/2020\/06\/0-Bra\u010d-D-O-t.jpg 918w, https:\/\/www.dalmatien-online.de\/wp-content\/uploads\/2020\/06\/0-Bra\u010d-D-O-t-300x68.jpg 300w, https:\/\/www.dalmatien-online.de\/wp-content\/uploads\/2020\/06\/0-Bra\u010d-D-O-t-768x173.jpg 768w, https:\/\/www.dalmatien-online.de\/wp-content\/uploads\/2020\/06\/0-Bra\u010d-D-O-t-250x56.jpg 250w\" sizes=\"auto, (max-width: 918px) 100vw, 918px\" \/><figcaption>The central Dalmatian island of Bra\u010d is the largest of the Dalmatian islands with a length of almost 40 km and a width of 12 km. It is located slightly southeast of the <a rel=\"noreferrer noopener\" href=\"https:\/\/www.dalmatien-online.de\/en\/split\/\" target=\"_blank\"><strong>Port city of Split<\/strong><\/a> and from there you can go there every day in a relatively short time by <strong><a rel=\"noreferrer noopener\" href=\"https:\/\/www.jadrolinija.hr\/de\/schedule\/LineSearchResults\/Index\/2331792\/2331798\/07062020\" target=\"_blank\">Car ferry and catamaran<\/a><\/strong> regardless of the seasons. <\/figcaption><\/figure>\n\n\n\n<figure class=\"wp-block-image size-large\"><img loading=\"lazy\" decoding=\"async\" width=\"1024\" height=\"683\" src=\"https:\/\/www.dalmatien-online.de\/wp-content\/uploads\/2020\/06\/A-251119-Brac-Supetar-5-1024x683.jpg\" alt=\"\" class=\"wp-image-2886\" srcset=\"https:\/\/www.dalmatien-online.de\/wp-content\/uploads\/2020\/06\/A-251119-Brac-Supetar-5-1024x683.jpg 1024w, https:\/\/www.dalmatien-online.de\/wp-content\/uploads\/2020\/06\/A-251119-Brac-Supetar-5-300x200.jpg 300w, https:\/\/www.dalmatien-online.de\/wp-content\/uploads\/2020\/06\/A-251119-Brac-Supetar-5-768x512.jpg 768w, https:\/\/www.dalmatien-online.de\/wp-content\/uploads\/2020\/06\/A-251119-Brac-Supetar-5-250x167.jpg 250w, https:\/\/www.dalmatien-online.de\/wp-content\/uploads\/2020\/06\/A-251119-Brac-Supetar-5-400x267.jpg 400w, https:\/\/www.dalmatien-online.de\/wp-content\/uploads\/2020\/06\/A-251119-Brac-Supetar-5.jpg 1500w\" sizes=\"auto, (max-width: 1024px) 100vw, 1024px\" \/><figcaption>Whether family vacation in the hotel, hanging out and surfing on the famous<a rel=\"noreferrer noopener\" href=\"https:\/\/www.dalmatien-online.de\/en\/slatni-rat-goldenes-horn\/\" target=\"_blank\"> <strong>Beach \"Slatni rat\" (Golden Horn)<\/strong><\/a> on the south side of Bra\u010d`s <a rel=\"noreferrer noopener\" href=\"https:\/\/www.dalmatien-online.de\/en\/bol-2\/\" target=\"_blank\"><strong>Bol<\/strong><\/a> , hiking along the coast or in the interior of the island e.g. to <strong><a href=\"https:\/\/www.dalmatien-online.de\/en\/brac-vidova-gora\/\" target=\"_blank\" rel=\"noreferrer noopener\">\"Vidova Gora\"<\/a><\/strong>, the highest mountain in the island at approx. 780 meters or enjoying the tranquility and the beauties of the island away from the hotels and the hustle and bustle - the island shows what it has to offer for every traveler no matter whether high or low season.<\/figcaption><\/figure>\n\n\n\n<figure class=\"wp-block-image size-large\"><img loading=\"lazy\" decoding=\"async\" width=\"1024\" height=\"678\" src=\"https:\/\/www.dalmatien-online.de\/wp-content\/uploads\/2020\/06\/A-Brac-Vidova-Gora-16-bearb-6x17-8-3-1024x678.jpg\" alt=\"\" class=\"wp-image-2887\" srcset=\"https:\/\/www.dalmatien-online.de\/wp-content\/uploads\/2020\/06\/A-Brac-Vidova-Gora-16-bearb-6x17-8-3-1024x678.jpg 1024w, https:\/\/www.dalmatien-online.de\/wp-content\/uploads\/2020\/06\/A-Brac-Vidova-Gora-16-bearb-6x17-8-3-300x199.jpg 300w, https:\/\/www.dalmatien-online.de\/wp-content\/uploads\/2020\/06\/A-Brac-Vidova-Gora-16-bearb-6x17-8-3-768x509.jpg 768w, https:\/\/www.dalmatien-online.de\/wp-content\/uploads\/2020\/06\/A-Brac-Vidova-Gora-16-bearb-6x17-8-3-250x166.jpg 250w, https:\/\/www.dalmatien-online.de\/wp-content\/uploads\/2020\/06\/A-Brac-Vidova-Gora-16-bearb-6x17-8-3.jpg 1528w\" sizes=\"auto, (max-width: 1024px) 100vw, 1024px\" \/><figcaption>The island became famous in Roman times thanks to its unique white stone from the <a rel=\"noreferrer noopener\" href=\"https:\/\/www.dalmatien-online.de\/en\/jadran-kamen\/\" target=\"_blank\"><strong>Quarry<\/strong><\/a> near the town <a rel=\"noreferrer noopener\" href=\"https:\/\/www.dalmatien-online.de\/en\/pucisca\/\" target=\"_blank\"><strong>Pu\u010di\u0161\u0107a<\/strong><\/a>. To this day it is mined there and exported all over the world - even installed in the \u201cWhite House\u201d in Washington and in many other important buildings around the world and, of course, in abundance on the island itself.<br><\/figcaption><\/figure>\n\n\n\n<figure class=\"wp-block-image size-large\"><img loading=\"lazy\" decoding=\"async\" width=\"1024\" height=\"672\" src=\"http:\/\/www.dalmatien-online.de\/wp-content\/uploads\/2020\/06\/0APu\u010di\u0161\u0107a-Steinbruch-Steinmetzschule-13-1024x672.jpg\" alt=\"\" class=\"wp-image-798\" srcset=\"https:\/\/www.dalmatien-online.de\/wp-content\/uploads\/2020\/06\/0APu\u010di\u0161\u0107a-Steinbruch-Steinmetzschule-13-1024x672.jpg 1024w, https:\/\/www.dalmatien-online.de\/wp-content\/uploads\/2020\/06\/0APu\u010di\u0161\u0107a-Steinbruch-Steinmetzschule-13-300x197.jpg 300w, https:\/\/www.dalmatien-online.de\/wp-content\/uploads\/2020\/06\/0APu\u010di\u0161\u0107a-Steinbruch-Steinmetzschule-13-768x504.jpg 768w, https:\/\/www.dalmatien-online.de\/wp-content\/uploads\/2020\/06\/0APu\u010di\u0161\u0107a-Steinbruch-Steinmetzschule-13-250x164.jpg 250w, https:\/\/www.dalmatien-online.de\/wp-content\/uploads\/2020\/06\/0APu\u010di\u0161\u0107a-Steinbruch-Steinmetzschule-13.jpg 1413w\" sizes=\"auto, (max-width: 1024px) 100vw, 1024px\" \/><figcaption>Auf der Nordseite der Insel, aufgereiht gleich einer Perlenkette an der K\u00fcste liegen wundersch\u00f6ne \u00d6rtchen wie <a rel=\"noreferrer noopener\" href=\"https:\/\/www.dalmatien-online.de\/en\/sutivan\/\" target=\"_blank\"><strong>Sutivan<\/strong><\/a>, <a rel=\"noreferrer noopener\" href=\"https:\/\/www.dalmatien-online.de\/en\/supetar-2\/\" target=\"_blank\"><strong>Supetar<\/strong><\/a>, <a rel=\"noreferrer noopener\" href=\"https:\/\/www.dalmatien-online.de\/en\/postira\/\" target=\"_blank\"><strong>Postira<\/strong><\/a>, <a rel=\"noreferrer noopener\" href=\"https:\/\/www.dalmatien-online.de\/en\/splitska\/\" target=\"_blank\"><strong>Splitska<\/strong><\/a>, <a rel=\"noreferrer noopener\" href=\"https:\/\/www.dalmatien-online.de\/en\/pucisca\/\" target=\"_blank\"><strong>Pu\u010di\u0161\u0107a<\/strong><\/a> and on the east side <a rel=\"noreferrer noopener\" href=\"https:\/\/www.dalmatien-online.de\/en\/sumartin\/\" target=\"_blank\"><strong>Sumartin<\/strong><\/a> with it`s long <a rel=\"noreferrer noopener\" href=\"https:\/\/www.dalmatien-online.de\/en\/bol\/\" target=\"_blank\"><strong>Shipbuilding tradition<\/strong><\/a> with ferry connection to <a rel=\"noreferrer noopener\" href=\"https:\/\/www.dalmatien-online.de\/en\/makarska\/\" target=\"_blank\"><strong>Makarska<\/strong><\/a>. On the west side, a visit to <a rel=\"noreferrer noopener\" href=\"https:\/\/www.dalmatien-online.de\/en\/milna\/\" target=\"_blank\"><strong>Milna<\/strong><\/a> with its picturesque bay opposite the <a rel=\"noreferrer noopener\" href=\"https:\/\/www.dalmatien-online.de\/en\/solta\/\" target=\"_blank\"><strong>island of \u0160olta<\/strong><\/a>.<\/figcaption><\/figure>\n\n\n\n<figure class=\"wp-block-image size-large\"><img loading=\"lazy\" decoding=\"async\" width=\"918\" height=\"620\" src=\"https:\/\/www.dalmatien-online.de\/wp-content\/uploads\/2020\/06\/0-a-Pucisca-klein-1.jpg\" alt=\"\" class=\"wp-image-2888\" srcset=\"https:\/\/www.dalmatien-online.de\/wp-content\/uploads\/2020\/06\/0-a-Pucisca-klein-1.jpg 918w, https:\/\/www.dalmatien-online.de\/wp-content\/uploads\/2020\/06\/0-a-Pucisca-klein-1-300x203.jpg 300w, https:\/\/www.dalmatien-online.de\/wp-content\/uploads\/2020\/06\/0-a-Pucisca-klein-1-768x519.jpg 768w, https:\/\/www.dalmatien-online.de\/wp-content\/uploads\/2020\/06\/0-a-Pucisca-klein-1-250x169.jpg 250w\" sizes=\"auto, (max-width: 918px) 100vw, 918px\" \/><\/figure>","protected":false},"excerpt":{"rendered":"","protected":false},"author":1,"featured_media":0,"parent":0,"menu_order":0,"comment_status":"closed","ping_status":"closed","template":"","meta":{"footnotes":"","_links_to":"","_links_to_target":""},"tags":[],"class_list":["post-82","page","type-page","status-publish","hentry"],"_links":{"self":[{"href":"https:\/\/www.dalmatien-online.de\/en\/wp-json\/wp\/v2\/pages\/82","targetHints":{"allow":["GET"]}}],"collection":[{"href":"https:\/\/www.dalmatien-online.de\/en\/wp-json\/wp\/v2\/pages"}],"about":[{"href":"https:\/\/www.dalmatien-online.de\/en\/wp-json\/wp\/v2\/types\/page"}],"author":[{"embeddable":true,"href":"https:\/\/www.dalmatien-online.de\/en\/wp-json\/wp\/v2\/users\/1"}],"replies":[{"embeddable":true,"href":"https:\/\/www.dalmatien-online.de\/en\/wp-json\/wp\/v2\/comments?post=82"}],"version-history":[{"count":34,"href":"https:\/\/www.dalmatien-online.de\/en\/wp-json\/wp\/v2\/pages\/82\/revisions"}],"predecessor-version":[{"id":3352,"href":"https:\/\/www.dalmatien-online.de\/en\/wp-json\/wp\/v2\/pages\/82\/revisions\/3352"}],"wp:attachment":[{"href":"https:\/\/www.dalmatien-online.de\/en\/wp-json\/wp\/v2\/media?parent=82"}],"wp:term":[{"taxonomy":"post_tag","embeddable":true,"href":"https:\/\/www.dalmatien-online.de\/en\/wp-json\/wp\/v2\/tags?post=82"}],"curies":[{"name":"wp","href":"https:\/\/api.w.org\/{rel}","templated":true}]}}