{"id":846,"date":"2020-06-04T09:23:47","date_gmt":"2020-06-04T08:23:47","guid":{"rendered":"https:\/\/www.dalmatien-online.de\/?page_id=846"},"modified":"2020-06-27T04:51:36","modified_gmt":"2020-06-27T03:51:36","slug":"biokovo","status":"publish","type":"page","link":"https:\/\/www.dalmatien-online.de\/en\/biokovo\/","title":{"rendered":"Makarska - Biokovo Mountains"},"content":{"rendered":"<figure class=\"wp-block-image size-large\"><img loading=\"lazy\" decoding=\"async\" width=\"1024\" height=\"227\" src=\"https:\/\/www.dalmatien-online.de\/wp-content\/uploads\/2020\/06\/0-D-O-Biokovo-t-1024x227.jpg\" alt=\"\" class=\"wp-image-3261\" srcset=\"https:\/\/www.dalmatien-online.de\/wp-content\/uploads\/2020\/06\/0-D-O-Biokovo-t-1024x227.jpg 1024w, https:\/\/www.dalmatien-online.de\/wp-content\/uploads\/2020\/06\/0-D-O-Biokovo-t-300x67.jpg 300w, https:\/\/www.dalmatien-online.de\/wp-content\/uploads\/2020\/06\/0-D-O-Biokovo-t-768x170.jpg 768w, https:\/\/www.dalmatien-online.de\/wp-content\/uploads\/2020\/06\/0-D-O-Biokovo-t-250x56.jpg 250w, https:\/\/www.dalmatien-online.de\/wp-content\/uploads\/2020\/06\/0-D-O-Biokovo-t.jpg 1500w\" sizes=\"auto, (max-width: 1024px) 100vw, 1024px\" \/><figcaption>The best starting point for hiking or climbing tours in the Biokovo Mountains is the coastal town of Makarska at the foot of Biokovo. There are numerous tours on different routes of different difficulty from relaxing hiking to really demanding climbing routes. Good footwear, sufficient water and equipment adapted to the tour should always be a must. Again and again, the mountain associations save people who are not up to the stresses of the karst mountains and have underestimated the weather or are breaking into the mountain with slippers. In the picture below the church in the center of Makarska and on the left in the picture the mountain peak forms the summit of the \u201cVo\u0161ac\u201d with 1422 meters and its <strong><a rel=\"noreferrer noopener\" href=\"https:\/\/www.youtube.com\/watch?v=VEUnQ9AEuic\" target=\"_blank\">Mountain hut (planinarski dom \"Vo\u0161ac\")<\/a><\/strong>, in which, after consultation with the responsible mountain association <strong><a rel=\"noreferrer noopener\" href=\"http:\/\/ekstrem.hr\/kontakti\/\" target=\"_blank\">&#8222;Sak Ekstrem&#8220;<\/a><\/strong> can stay cheap. Contact the association in the link or via the <strong><a rel=\"noreferrer noopener\" href=\"https:\/\/www.facebook.com\/UTravelZoneDmc\/\" target=\"_blank\">Tourist information in the port of Makarska.<\/a><\/strong> Umweit dieses Gipfels, in diesem Foto nicht zu sehen, befindet sich hinter dem Vo\u0161ac der h\u00f6chste Berg des Biokovo &#8222;Sveti Jure&#8220; mit 1762 Meter. Beeindruckend, wie sich das Massiv direkt von der K\u00fcste erhebt.<\/figcaption><\/figure>\n\n\n\n<figure class=\"wp-block-image size-large\"><img loading=\"lazy\" decoding=\"async\" width=\"687\" height=\"1024\" src=\"https:\/\/www.dalmatien-online.de\/wp-content\/uploads\/2020\/06\/A-Anfandspunkt-Vo\u0161ac-687x1024.jpg\" alt=\"\" class=\"wp-image-2092\" srcset=\"https:\/\/www.dalmatien-online.de\/wp-content\/uploads\/2020\/06\/A-Anfandspunkt-Vo\u0161ac-687x1024.jpg 687w, https:\/\/www.dalmatien-online.de\/wp-content\/uploads\/2020\/06\/A-Anfandspunkt-Vo\u0161ac-201x300.jpg 201w, https:\/\/www.dalmatien-online.de\/wp-content\/uploads\/2020\/06\/A-Anfandspunkt-Vo\u0161ac-768x1145.jpg 768w, https:\/\/www.dalmatien-online.de\/wp-content\/uploads\/2020\/06\/A-Anfandspunkt-Vo\u0161ac-250x373.jpg 250w, https:\/\/www.dalmatien-online.de\/wp-content\/uploads\/2020\/06\/A-Anfandspunkt-Vo\u0161ac.jpg 924w\" sizes=\"auto, (max-width: 687px) 100vw, 687px\" \/><figcaption><strong><a href=\"https:\/\/www.dalmatien-online.de\/en\/makarska\/\">BACK<\/a><\/strong><\/figcaption><\/figure>\n\n\n\n\n\n<hr class=\"wp-block-separator\"\/>","protected":false},"excerpt":{"rendered":"","protected":false},"author":2,"featured_media":0,"parent":0,"menu_order":0,"comment_status":"closed","ping_status":"closed","template":"","meta":{"footnotes":"","_links_to":"","_links_to_target":""},"tags":[],"class_list":["post-846","page","type-page","status-publish","hentry"],"_links":{"self":[{"href":"https:\/\/www.dalmatien-online.de\/en\/wp-json\/wp\/v2\/pages\/846","targetHints":{"allow":["GET"]}}],"collection":[{"href":"https:\/\/www.dalmatien-online.de\/en\/wp-json\/wp\/v2\/pages"}],"about":[{"href":"https:\/\/www.dalmatien-online.de\/en\/wp-json\/wp\/v2\/types\/page"}],"author":[{"embeddable":true,"href":"https:\/\/www.dalmatien-online.de\/en\/wp-json\/wp\/v2\/users\/2"}],"replies":[{"embeddable":true,"href":"https:\/\/www.dalmatien-online.de\/en\/wp-json\/wp\/v2\/comments?post=846"}],"version-history":[{"count":10,"href":"https:\/\/www.dalmatien-online.de\/en\/wp-json\/wp\/v2\/pages\/846\/revisions"}],"predecessor-version":[{"id":3263,"href":"https:\/\/www.dalmatien-online.de\/en\/wp-json\/wp\/v2\/pages\/846\/revisions\/3263"}],"wp:attachment":[{"href":"https:\/\/www.dalmatien-online.de\/en\/wp-json\/wp\/v2\/media?parent=846"}],"wp:term":[{"taxonomy":"post_tag","embeddable":true,"href":"https:\/\/www.dalmatien-online.de\/en\/wp-json\/wp\/v2\/tags?post=846"}],"curies":[{"name":"wp","href":"https:\/\/api.w.org\/{rel}","templated":true}]}}