{"id":92,"date":"2020-05-02T09:00:14","date_gmt":"2020-05-02T08:00:14","guid":{"rendered":"https:\/\/www.dalmatien-online.de\/?page_id=92"},"modified":"2020-06-23T21:35:43","modified_gmt":"2020-06-23T20:35:43","slug":"korcula","status":"publish","type":"page","link":"https:\/\/www.dalmatien-online.de\/en\/korcula\/","title":{"rendered":"Kor\u010dula"},"content":{"rendered":"<figure class=\"wp-block-image size-large\"><img loading=\"lazy\" decoding=\"async\" width=\"1024\" height=\"247\" src=\"https:\/\/www.dalmatien-online.de\/wp-content\/uploads\/2020\/06\/0-Kor\u010duka-D-O-t-1024x247.jpg\" alt=\"\" class=\"wp-image-2894\" srcset=\"https:\/\/www.dalmatien-online.de\/wp-content\/uploads\/2020\/06\/0-Kor\u010duka-D-O-t-1024x247.jpg 1024w, https:\/\/www.dalmatien-online.de\/wp-content\/uploads\/2020\/06\/0-Kor\u010duka-D-O-t-300x72.jpg 300w, https:\/\/www.dalmatien-online.de\/wp-content\/uploads\/2020\/06\/0-Kor\u010duka-D-O-t-768x185.jpg 768w, https:\/\/www.dalmatien-online.de\/wp-content\/uploads\/2020\/06\/0-Kor\u010duka-D-O-t-250x60.jpg 250w, https:\/\/www.dalmatien-online.de\/wp-content\/uploads\/2020\/06\/0-Kor\u010duka-D-O-t.jpg 1278w\" sizes=\"auto, (max-width: 1024px) 100vw, 1024px\" \/><figcaption>The island of Kor\u010dula is located in the south of Dalmatia, southwest of the Pelje\u0161ac peninsula and has almost 17,000 inhabitants. The main town and most well known from a tourist point of view and the most visited there is the one of the same name <strong><a rel=\"noreferrer noopener\" href=\"https:\/\/www.dalmatien-online.de\/en\/korcula-stadt\/\" target=\"_blank\">City of Kor\u010dula<\/a><\/strong> and is considered the birthplace of Marco Polo, even if the Venetians see it differently. <\/figcaption><\/figure>\n\n\n\n<figure class=\"wp-block-image size-large\"><img loading=\"lazy\" decoding=\"async\" width=\"1024\" height=\"676\" src=\"https:\/\/www.dalmatien-online.de\/wp-content\/uploads\/2020\/06\/0A-Korcula-Mittwoch-1-2-1024x676.jpg\" alt=\"\" class=\"wp-image-2895\" srcset=\"https:\/\/www.dalmatien-online.de\/wp-content\/uploads\/2020\/06\/0A-Korcula-Mittwoch-1-2-1024x676.jpg 1024w, https:\/\/www.dalmatien-online.de\/wp-content\/uploads\/2020\/06\/0A-Korcula-Mittwoch-1-2-300x198.jpg 300w, https:\/\/www.dalmatien-online.de\/wp-content\/uploads\/2020\/06\/0A-Korcula-Mittwoch-1-2-768x507.jpg 768w, https:\/\/www.dalmatien-online.de\/wp-content\/uploads\/2020\/06\/0A-Korcula-Mittwoch-1-2-250x165.jpg 250w, https:\/\/www.dalmatien-online.de\/wp-content\/uploads\/2020\/06\/0A-Korcula-Mittwoch-1-2.jpg 1389w\" sizes=\"auto, (max-width: 1024px) 100vw, 1024px\" \/><figcaption>When visiting the island, whether as an excursion or for a longer stay, is the moving one <strong><a rel=\"noreferrer noopener\" href=\"https:\/\/www.korculainfo.com\/history\/\" target=\"_blank\">History of Kor\u010dula<\/a><\/strong> You can feel it everywhere and the natural beauty and the scenery invite you to dream.<\/figcaption><\/figure>\n\n\n\n<figure class=\"wp-block-image size-large\"><img loading=\"lazy\" decoding=\"async\" width=\"1024\" height=\"669\" src=\"https:\/\/www.dalmatien-online.de\/wp-content\/uploads\/2020\/06\/0-Kor\u010dula-1-1024x669.jpg\" alt=\"\" class=\"wp-image-2897\" srcset=\"https:\/\/www.dalmatien-online.de\/wp-content\/uploads\/2020\/06\/0-Kor\u010dula-1-1024x669.jpg 1024w, https:\/\/www.dalmatien-online.de\/wp-content\/uploads\/2020\/06\/0-Kor\u010dula-1-300x196.jpg 300w, https:\/\/www.dalmatien-online.de\/wp-content\/uploads\/2020\/06\/0-Kor\u010dula-1-768x501.jpg 768w, https:\/\/www.dalmatien-online.de\/wp-content\/uploads\/2020\/06\/0-Kor\u010dula-1-250x163.jpg 250w, https:\/\/www.dalmatien-online.de\/wp-content\/uploads\/2020\/06\/0-Kor\u010dula-1.jpg 1184w\" sizes=\"auto, (max-width: 1024px) 100vw, 1024px\" \/><figcaption>Not far west of the city on the north coast, there are many small settlements in dreamy bays like Medvinjak, \u017drnovska Banja or Ra\u010di\u0161\u0107e, to name just a few. The south coast is rather sparsely populated, which invites you to hike to lonely little bays.<\/figcaption><\/figure>\n\n\n\n<figure class=\"wp-block-image size-large\"><img loading=\"lazy\" decoding=\"async\" width=\"1024\" height=\"678\" src=\"https:\/\/www.dalmatien-online.de\/wp-content\/uploads\/2020\/06\/A-Lumbarda-20-8-1-1024x678.jpg\" alt=\"\" class=\"wp-image-2900\" srcset=\"https:\/\/www.dalmatien-online.de\/wp-content\/uploads\/2020\/06\/A-Lumbarda-20-8-1-1024x678.jpg 1024w, https:\/\/www.dalmatien-online.de\/wp-content\/uploads\/2020\/06\/A-Lumbarda-20-8-1-300x199.jpg 300w, https:\/\/www.dalmatien-online.de\/wp-content\/uploads\/2020\/06\/A-Lumbarda-20-8-1-768x509.jpg 768w, https:\/\/www.dalmatien-online.de\/wp-content\/uploads\/2020\/06\/A-Lumbarda-20-8-1-250x166.jpg 250w, https:\/\/www.dalmatien-online.de\/wp-content\/uploads\/2020\/06\/A-Lumbarda-20-8-1.jpg 1528w\" sizes=\"auto, (max-width: 1024px) 100vw, 1024px\" \/><figcaption>The village lies east of the town of Kor\u010dula <strong><a rel=\"noreferrer noopener\" href=\"https:\/\/www.dalmatien-online.de\/en\/lumbarda\/\" target=\"_blank\">Lumbarda<\/a><\/strong> with its extensive bays with a view of the Pelje\u0161ac peninsula. The largest place on the west side of the island is <strong><a rel=\"noreferrer noopener\" href=\"https:\/\/www.dalmatien-online.de\/en\/vela-luka\/\" target=\"_blank\">Vela Luka (\"Big Harbour\")<\/a><\/strong> with its extensive bay surrounded by wooded hills and olive groves. The largest place in the interior of the island is Blato west of Kor\u010dula`s on the way to Vela Luka.<\/figcaption><\/figure>\n\n\n\n<figure class=\"wp-block-image size-large\"><img loading=\"lazy\" decoding=\"async\" width=\"1024\" height=\"658\" src=\"https:\/\/www.dalmatien-online.de\/wp-content\/uploads\/2020\/06\/0A-Kor\u010dula-Lumbarda-Soline-1-1-1024x658.jpg\" alt=\"\" class=\"wp-image-2901\" srcset=\"https:\/\/www.dalmatien-online.de\/wp-content\/uploads\/2020\/06\/0A-Kor\u010dula-Lumbarda-Soline-1-1-1024x658.jpg 1024w, https:\/\/www.dalmatien-online.de\/wp-content\/uploads\/2020\/06\/0A-Kor\u010dula-Lumbarda-Soline-1-1-300x193.jpg 300w, https:\/\/www.dalmatien-online.de\/wp-content\/uploads\/2020\/06\/0A-Kor\u010dula-Lumbarda-Soline-1-1-768x493.jpg 768w, https:\/\/www.dalmatien-online.de\/wp-content\/uploads\/2020\/06\/0A-Kor\u010dula-Lumbarda-Soline-1-1-250x161.jpg 250w, https:\/\/www.dalmatien-online.de\/wp-content\/uploads\/2020\/06\/0A-Kor\u010dula-Lumbarda-Soline-1-1.jpg 1407w\" sizes=\"auto, (max-width: 1024px) 100vw, 1024px\" \/><\/figure>\n\n\n\n<p>Kor\u010dula is with the <strong><a rel=\"noreferrer noopener\" href=\"https:\/\/www.jadrolinija.hr\/en\/schedule\/LineSearchResults\/Index\/2331792\/2331807\/15062020\" target=\"_blank\">ferry from Split<\/a><\/strong>, from <strong><a rel=\"noreferrer noopener\" href=\"https:\/\/www.jadrolinija.hr\/en\/schedule\/LineSearchResults\/Index\/2331768\/2331743\/15062020\" target=\"_blank\">Orebi\u0107 to Kor\u010dula (Domin\u010de)<\/a><\/strong> on the Pelje\u0161ac peninsula and <strong><a rel=\"noreferrer noopener\" href=\"https:\/\/www.jadrolinija.hr\/en\/schedule\/LineSearchResults\/Index\/2331768\/2331743\/15062020\" target=\"_blank\">from Dubrovnik <\/a><\/strong>easy to reach by ferry or catamaran, <strong><a href=\"https:\/\/www.korculainfo.com\/ferries\/ferry-orebic-korcula-foot-passengers-service\/\" target=\"_blank\" rel=\"noreferrer noopener\">from Orebi\u0107 also by small passenger ship. <\/a><\/strong> Vela Luka is the Kor\u010dula`s ferry port on the west side if you are arriving from Split by car - <strong><a rel=\"noreferrer noopener\" href=\"https:\/\/www.jadrolinija.hr\/en\/schedule\/LineSearchResults\/Index\/2331792\/2331807\/15062020\" target=\"_blank\">Split to Vela Luka<\/a><\/strong>.<\/p>\n\n\n\n<figure class=\"wp-block-image size-large\"><img loading=\"lazy\" decoding=\"async\" width=\"1024\" height=\"676\" src=\"https:\/\/www.dalmatien-online.de\/wp-content\/uploads\/2020\/06\/0A-Kor\u010dula-1-1-1024x676.jpg\" alt=\"\" class=\"wp-image-2902\" srcset=\"https:\/\/www.dalmatien-online.de\/wp-content\/uploads\/2020\/06\/0A-Kor\u010dula-1-1-1024x676.jpg 1024w, https:\/\/www.dalmatien-online.de\/wp-content\/uploads\/2020\/06\/0A-Kor\u010dula-1-1-300x198.jpg 300w, https:\/\/www.dalmatien-online.de\/wp-content\/uploads\/2020\/06\/0A-Kor\u010dula-1-1-768x507.jpg 768w, https:\/\/www.dalmatien-online.de\/wp-content\/uploads\/2020\/06\/0A-Kor\u010dula-1-1-250x165.jpg 250w, https:\/\/www.dalmatien-online.de\/wp-content\/uploads\/2020\/06\/0A-Kor\u010dula-1-1.jpg 1354w\" sizes=\"auto, (max-width: 1024px) 100vw, 1024px\" \/><\/figure>\n\n\n\n<hr class=\"wp-block-separator\"\/>","protected":false},"excerpt":{"rendered":"<p>Kor\u010dula ist mit der F\u00e4hre von Split, von Orebi\u0107 aus nach Kor\u010dula (Domin\u010de) auf der Halbinsel Pelje\u0161ac und von Dubrovnik aus gut per F\u00e4hre oder Katamaran zu erreichen, von Orebi\u0107 <a class=\"more-link\" href=\"https:\/\/www.dalmatien-online.de\/en\/korcula\/\">weiterlesen&#8230;<\/a><\/p>","protected":false},"author":1,"featured_media":0,"parent":0,"menu_order":0,"comment_status":"closed","ping_status":"closed","template":"","meta":{"footnotes":"","_links_to":"","_links_to_target":""},"tags":[],"class_list":["post-92","page","type-page","status-publish","hentry"],"_links":{"self":[{"href":"https:\/\/www.dalmatien-online.de\/en\/wp-json\/wp\/v2\/pages\/92","targetHints":{"allow":["GET"]}}],"collection":[{"href":"https:\/\/www.dalmatien-online.de\/en\/wp-json\/wp\/v2\/pages"}],"about":[{"href":"https:\/\/www.dalmatien-online.de\/en\/wp-json\/wp\/v2\/types\/page"}],"author":[{"embeddable":true,"href":"https:\/\/www.dalmatien-online.de\/en\/wp-json\/wp\/v2\/users\/1"}],"replies":[{"embeddable":true,"href":"https:\/\/www.dalmatien-online.de\/en\/wp-json\/wp\/v2\/comments?post=92"}],"version-history":[{"count":17,"href":"https:\/\/www.dalmatien-online.de\/en\/wp-json\/wp\/v2\/pages\/92\/revisions"}],"predecessor-version":[{"id":2903,"href":"https:\/\/www.dalmatien-online.de\/en\/wp-json\/wp\/v2\/pages\/92\/revisions\/2903"}],"wp:attachment":[{"href":"https:\/\/www.dalmatien-online.de\/en\/wp-json\/wp\/v2\/media?parent=92"}],"wp:term":[{"taxonomy":"post_tag","embeddable":true,"href":"https:\/\/www.dalmatien-online.de\/en\/wp-json\/wp\/v2\/tags?post=92"}],"curies":[{"name":"wp","href":"https:\/\/api.w.org\/{rel}","templated":true}]}}